{"id":166,"date":"2015-05-13T13:59:55","date_gmt":"2015-05-13T13:59:55","guid":{"rendered":"http:\/\/milosevicdoo.rs\/?page_id=166"},"modified":"2019-12-26T17:59:26","modified_gmt":"2019-12-26T17:59:26","slug":"contact","status":"publish","type":"page","link":"https:\/\/milosevicdoo.rs\/en\/contact\/","title":{"rendered":"CONTACT"},"content":{"rendered":"<div class=\"pr\">\n<div id=\"map\"> <\/div>\n<div class=\"contact-box\">\n<strong>Milo\u0161evi\u0107 LLC<\/strong><br \/>\n\u017delezni\u010dka 46 , 37000 Kru\u0161evac<br \/>\n+ 381 37 442 775, +381 37 421 810<br \/>\n<a href=\"mailto:milosevicdoo@gmail.com\" rel=\"noopener noreferrer\" target=\"_blank\">milosevicdoo@gmail.com<\/a>\n<\/div>\n<\/div>\n","protected":false},"excerpt":{"rendered":"<p>Milo\u0161evi\u0107 LLC \u017delezni\u010dka 46 , 37000 Kru\u0161evac + 381 37 442 775, +381 37 421 810 milosevicdoo@gmail.com<\/p>\n","protected":false},"author":1,"featured_media":0,"parent":0,"menu_order":0,"comment_status":"open","ping_status":"open","template":"full-100.php","meta":{"footnotes":""},"class_list":["post-166","page","type-page","status-publish","hentry"],"_links":{"self":[{"href":"https:\/\/milosevicdoo.rs\/en\/wp-json\/wp\/v2\/pages\/166","targetHints":{"allow":["GET"]}}],"collection":[{"href":"https:\/\/milosevicdoo.rs\/en\/wp-json\/wp\/v2\/pages"}],"about":[{"href":"https:\/\/milosevicdoo.rs\/en\/wp-json\/wp\/v2\/types\/page"}],"author":[{"embeddable":true,"href":"https:\/\/milosevicdoo.rs\/en\/wp-json\/wp\/v2\/users\/1"}],"replies":[{"embeddable":true,"href":"https:\/\/milosevicdoo.rs\/en\/wp-json\/wp\/v2\/comments?post=166"}],"version-history":[{"count":2,"href":"https:\/\/milosevicdoo.rs\/en\/wp-json\/wp\/v2\/pages\/166\/revisions"}],"predecessor-version":[{"id":639,"href":"https:\/\/milosevicdoo.rs\/en\/wp-json\/wp\/v2\/pages\/166\/revisions\/639"}],"wp:attachment":[{"href":"https:\/\/milosevicdoo.rs\/en\/wp-json\/wp\/v2\/media?parent=166"}],"curies":[{"name":"wp","href":"https:\/\/api.w.org\/{rel}","templated":true}]}}