{"id":160,"date":"2015-05-13T13:50:21","date_gmt":"2015-05-13T13:50:21","guid":{"rendered":"http:\/\/milosevicdoo.rs\/?page_id=160"},"modified":"2015-05-13T14:15:31","modified_gmt":"2015-05-13T14:15:31","slug":"certificates","status":"publish","type":"page","link":"https:\/\/milosevicdoo.rs\/en\/certificates\/","title":{"rendered":"CERTIFICATES"},"content":{"rendered":"<h1 style=\"text-align:center;\">CERTIFICATES<\/h1>\n<p style=\"text-align: center;\"><strong>Milo\u0161evi\u0107 l.l.c.<\/strong> Kru\u0161evac was awarded certificates of:<br \/>\n<strong style=\"line-height: 1.5;\">SRPS ISO 9001<\/strong><span style=\"line-height: 1.5;\"> Quality management system, <\/span><strong style=\"line-height: 1.5;\">SRPS ISO 14001<\/strong><span style=\"line-height: 1.5;\"> Environmental control system,<br \/>\n<\/span><strong style=\"line-height: 1.5;\">SRPS ISO 18001<\/strong><span style=\"line-height: 1.5;\"> Quality management system.<\/span><\/p>\n<p>&nbsp;<br \/>\n[one_third spacing=&#8221;yes&#8221; last=&#8221;no&#8221; center_content=&#8221;yes&#8221;]<\/p>\n<div class=\"koso\">\n<p>SRPS ISO 9001<\/p>\n<\/div>\n<p><center><a title=\"Milo\u0161evi\u0107 d.o.o.\" href=\"https:\/\/milosevicdoo.rs\/files\/milosevic-doo-sertifikat-9001.jpg\" rel=\"prettyPhoto[postimages]\" data-caption=\"Milo\u0161evi\u0107 d.o.o.\" data-title=\"Milo\u0161evi\u0107 d.o.o.\"><img decoding=\"async\" src=\"https:\/\/milosevicdoo.rs\/files\/milosevic-doo-sertifikat-9001.jpg\" style=\"max-width:200px;\"><\/a><\/center>[\/one_third]<br \/>\n[one_third spacing=&#8221;yes&#8221; last=&#8221;no&#8221; center_content=&#8221;yes&#8221; ]<\/p>\n<div class=\"koso\">\n<p>SRPS ISO 14001<\/p>\n<\/div>\n<p><center><a title=\"Milo\u0161evi\u0107 d.o.o.\" href=\"https:\/\/milosevicdoo.rs\/files\/milosevic-doo-sertifikat-14001.jpg\" rel=\"prettyPhoto[postimages]\" data-caption=\"Milo\u0161evi\u0107 d.o.o.\" data-title=\"Milo\u0161evi\u0107 d.o.o.\"><img decoding=\"async\" src=\"https:\/\/milosevicdoo.rs\/files\/milosevic-doo-sertifikat-14001.jpg\" style=\"max-width:200px;\"><\/a><\/center>[\/one_third]<br \/>\n[one_third spacing=&#8221;yes&#8221; last=&#8221;yes&#8221; center_content=&#8221;yes&#8221; ]<\/p>\n<div class=\"koso\">\n<p>SRPS ISO 18001<\/p>\n<\/div>\n<p><center><a title=\"Milo\u0161evi\u0107 d.o.o.\" href=\"https:\/\/milosevicdoo.rs\/files\/milosevic-doo-sertifikat-18001.jpg\" rel=\"prettyPhoto[postimages]\" data-caption=\"Milo\u0161evi\u0107 d.o.o.\" data-title=\"Milo\u0161evi\u0107 d.o.o.\"><img decoding=\"async\" src=\"https:\/\/milosevicdoo.rs\/files\/milosevic-doo-sertifikat-18001.jpg\" style=\"max-width:200px;\"><\/a><\/center>[\/one_third]<\/p>\n","protected":false},"excerpt":{"rendered":"<p>CERTIFICATES Milo\u0161evi\u0107 l.l.c. Kru\u0161evac was awarded certificates of: SRPS ISO 9001 Quality management system, SRPS ISO 14001 Environmental control system, SRPS ISO 18001 Quality management system. &nbsp; [one_third spacing=&#8221;yes&#8221; last=&#8221;no&#8221; center_content=&#8221;yes&#8221;] SRPS ISO 9001 [\/one_third] [one_third spacing=&#8221;yes&#8221; last=&#8221;no&#8221; center_content=&#8221;yes&#8221; ] SRPS ISO 14001 [\/one_third] [one_third spacing=&#8221;yes&#8221; last=&#8221;yes&#8221; center_content=&#8221;yes&#8221; ] SRPS ISO 18001 [\/one_third]<\/p>\n","protected":false},"author":1,"featured_media":0,"parent":0,"menu_order":0,"comment_status":"open","ping_status":"open","template":"full-100.php","meta":{"footnotes":""},"class_list":["post-160","page","type-page","status-publish","hentry"],"_links":{"self":[{"href":"https:\/\/milosevicdoo.rs\/en\/wp-json\/wp\/v2\/pages\/160","targetHints":{"allow":["GET"]}}],"collection":[{"href":"https:\/\/milosevicdoo.rs\/en\/wp-json\/wp\/v2\/pages"}],"about":[{"href":"https:\/\/milosevicdoo.rs\/en\/wp-json\/wp\/v2\/types\/page"}],"author":[{"embeddable":true,"href":"https:\/\/milosevicdoo.rs\/en\/wp-json\/wp\/v2\/users\/1"}],"replies":[{"embeddable":true,"href":"https:\/\/milosevicdoo.rs\/en\/wp-json\/wp\/v2\/comments?post=160"}],"version-history":[{"count":1,"href":"https:\/\/milosevicdoo.rs\/en\/wp-json\/wp\/v2\/pages\/160\/revisions"}],"predecessor-version":[{"id":161,"href":"https:\/\/milosevicdoo.rs\/en\/wp-json\/wp\/v2\/pages\/160\/revisions\/161"}],"wp:attachment":[{"href":"https:\/\/milosevicdoo.rs\/en\/wp-json\/wp\/v2\/media?parent=160"}],"curies":[{"name":"wp","href":"https:\/\/api.w.org\/{rel}","templated":true}]}}