{"id":144,"date":"2015-05-13T13:20:47","date_gmt":"2015-05-13T13:20:47","guid":{"rendered":"http:\/\/milosevicdoo.rs\/?page_id=144"},"modified":"2020-01-22T15:50:25","modified_gmt":"2020-01-22T15:50:25","slug":"about-us","status":"publish","type":"page","link":"https:\/\/milosevicdoo.rs\/en\/about-us\/","title":{"rendered":"ABOUT US"},"content":{"rendered":"<h1 style=\"text-align:center;\">ABOUT US<\/h1>\n<p style=\"text-align: center;\">In 1992, Milan Milo\u0161evi\u0107 founded <strong>Milo\u0161evi\u0107 l.l.c.<\/strong> along with 6 employees only to have that number rise year after<br \/>\nyear\/year in year out and reach 60 today.The company&#8217;s main operating area is construction material, bathroomware<br \/>\nand  wholesale and retail. Through selection of renowned foreign and domestic manufecturers, we offer high quality materials<br \/>\nand equipment used for construction and reconstruction of residential and office buildings. By setting up a quality<br \/>\nmanagement system, certified in accordance with <strong>ISO 9001<\/strong>, <strong>ISO 14001<\/strong>, <strong>ISO 18001<\/strong> standards, we have embarked on a journey<br \/>\nof constant improvements motivated by our customers&#8217; growing demands and expectations.<\/p>\n<h1 style=\"text-align:center;\">SHOWROOM<\/h1>\n<p style=\"text-align: center;\"><strong>Milo\u0161evi\u0107 l.l.c.<\/strong> showroom, which covers an area of approximately 1,000 sqm,<br \/>\noffers a full range of ceramic tiles, bathroomware, additional material for construction works, insulative<br \/>\npaint materials, water and sewerage system, heating equipment and carpentry. Delivery of materials to any<br \/>\n desired address is provided for all customers.<\/p>\n<h1 style=\"text-align:center;\">CONSTRUCTION MATERIAL WAREHOUSE<\/h1>\n<p style=\"text-align: center;\"><strong>Milo\u0161evi\u0107 l.l.c.<\/strong> construction material warehouse, which covers an area of<br \/>\napproximately 30,000 sqm, offers a full range of construction materials FROM THE CORNERSTONE TO THE ROOFTOP.<br \/>\nThrough selection of renowned foreign and domestic manufecturers, we offer high quality materialsand equipment used<br \/>\nfor construction and reconstruction of residential and office buildings.<br \/>\nDelivery of materials to any desired address is provided for all customers.<\/p>\n<p><em style=\"text-align:center;display:block;\">Your reliable partner!<\/em>\n<\/p>\n<p>&nbsp;<\/p>\n<p>[one_fourth last=&#8221;no&#8221;]<a title=\"Milo\u0161evi\u0107 d.o.o.\" href=\"https:\/\/milosevicdoo.rs\/files\/o-nama\/01.jpg\" rel=\"prettyPhoto[postimages]\"><img decoding=\"async\" alt=\"Milo\u0161evi\u0107 d.o.o.\" src=\"https:\/\/milosevicdoo.rs\/files\/o-nama\/01.jpg\"><\/a>[\/one_fourth]<br \/>\n[one_fourth last=&#8221;no&#8221;]<a title=\"Milo\u0161evi\u0107 d.o.o.\" href=\"https:\/\/milosevicdoo.rs\/files\/o-nama\/02.jpg\" rel=\"prettyPhoto[postimages]\"><img decoding=\"async\" alt=\"Milo\u0161evi\u0107 d.o.o.\" src=\"https:\/\/milosevicdoo.rs\/files\/o-nama\/02.jpg\"><\/a>[\/one_fourth]<br \/>\n[one_fourth last=&#8221;no&#8221;]<a title=\"Milo\u0161evi\u0107 d.o.o.\" href=\"https:\/\/milosevicdoo.rs\/files\/o-nama\/03.jpg\" rel=\"prettyPhoto[postimages]\"><img decoding=\"async\" alt=\"Milo\u0161evi\u0107 d.o.o.\" src=\"https:\/\/milosevicdoo.rs\/files\/o-nama\/03.jpg\"><\/a>[\/one_fourth]<br \/>\n[one_fourth last=&#8221;yes&#8221;]<a title=\"Milo\u0161evi\u0107 d.o.o.\" href=\"https:\/\/milosevicdoo.rs\/files\/o-nama\/04.jpg\" rel=\"prettyPhoto[postimages]\"><img decoding=\"async\" alt=\"Milo\u0161evi\u0107 d.o.o.\" src=\"https:\/\/milosevicdoo.rs\/files\/o-nama\/04.jpg\"><\/a>[\/one_fourth]<br \/>\n[one_fourth last=&#8221;no&#8221;]<a title=\"Milo\u0161evi\u0107 d.o.o.\" href=\"https:\/\/milosevicdoo.rs\/files\/o-nama\/05.jpg\" rel=\"prettyPhoto[postimages]\"><img decoding=\"async\" alt=\"Milo\u0161evi\u0107 d.o.o.\" src=\"https:\/\/milosevicdoo.rs\/files\/o-nama\/05.jpg\"><\/a>[\/one_fourth]<br \/>\n[one_fourth last=&#8221;no&#8221;]<a title=\"Milo\u0161evi\u0107 d.o.o.\" href=\"https:\/\/milosevicdoo.rs\/files\/o-nama\/06.jpg\" rel=\"prettyPhoto[postimages]\"><img decoding=\"async\" alt=\"Milo\u0161evi\u0107 d.o.o.\" src=\"https:\/\/milosevicdoo.rs\/files\/o-nama\/06.jpg\"><\/a>[\/one_fourth]<br \/>\n[one_fourth last=&#8221;no&#8221;]<a title=\"Milo\u0161evi\u0107 d.o.o.\" href=\"https:\/\/milosevicdoo.rs\/files\/o-nama\/07.jpg\" rel=\"prettyPhoto[postimages]\"><img decoding=\"async\" alt=\"Milo\u0161evi\u0107 d.o.o.\" src=\"https:\/\/milosevicdoo.rs\/files\/o-nama\/07.jpg\"><\/a>[\/one_fourth]<br \/>\n[one_fourth last=&#8221;yes&#8221;]<a title=\"Milo\u0161evi\u0107 d.o.o.\" href=\"https:\/\/milosevicdoo.rs\/files\/o-nama\/08.jpg\" rel=\"prettyPhoto[postimages]\"><img decoding=\"async\" alt=\"Milo\u0161evi\u0107 d.o.o.\" src=\"https:\/\/milosevicdoo.rs\/files\/o-nama\/08.jpg\"><\/a>[\/one_fourth]<br \/>\n[one_fourth last=&#8221;no&#8221;]<a title=\"Milo\u0161evi\u0107 d.o.o.\" href=\"https:\/\/milosevicdoo.rs\/files\/o-nama\/09.jpg\" rel=\"prettyPhoto[postimages]\"><img decoding=\"async\" alt=\"Milo\u0161evi\u0107 d.o.o.\" src=\"https:\/\/milosevicdoo.rs\/files\/o-nama\/09.jpg\"><\/a>[\/one_fourth]<br \/>\n[one_fourth last=&#8221;no&#8221;]<a title=\"Milo\u0161evi\u0107 d.o.o.\" href=\"https:\/\/milosevicdoo.rs\/files\/o-nama\/10.jpg\" rel=\"prettyPhoto[postimages]\"><img decoding=\"async\" alt=\"Milo\u0161evi\u0107 d.o.o.\" src=\"https:\/\/milosevicdoo.rs\/files\/o-nama\/10.jpg\"><\/a>[\/one_fourth]<br \/>\n[one_fourth last=&#8221;no&#8221;]<a title=\"Milo\u0161evi\u0107 d.o.o.\" href=\"https:\/\/milosevicdoo.rs\/files\/o-nama\/11.jpg\" rel=\"prettyPhoto[postimages]\"><img decoding=\"async\" alt=\"Milo\u0161evi\u0107 d.o.o.\" src=\"https:\/\/milosevicdoo.rs\/files\/o-nama\/11.jpg\"><\/a>[\/one_fourth]<br \/>\n[one_fourth last=&#8221;yes&#8221;]<a title=\"Milo\u0161evi\u0107 d.o.o.\" href=\"https:\/\/milosevicdoo.rs\/files\/o-nama\/12.jpg\" rel=\"prettyPhoto[postimages]\"><img decoding=\"async\" alt=\"Milo\u0161evi\u0107 d.o.o.\" src=\"https:\/\/milosevicdoo.rs\/files\/o-nama\/12.jpg\"><\/a>[\/one_fourth]<\/p>\n","protected":false},"excerpt":{"rendered":"<p>ABOUT US In 1992, Milan Milo\u0161evi\u0107 founded Milo\u0161evi\u0107 l.l.c. along with 6 employees only to have that number rise year after year\/year in year out and reach 60 today.The company&#8217;s main operating area is construction material, bathroomware and wholesale and retail. Through selection of renowned foreign and domestic manufecturers, we offer high quality materials and [&hellip;]<\/p>\n","protected":false},"author":1,"featured_media":0,"parent":0,"menu_order":0,"comment_status":"open","ping_status":"open","template":"fullwidth.php","meta":{"footnotes":""},"class_list":["post-144","page","type-page","status-publish","hentry"],"_links":{"self":[{"href":"https:\/\/milosevicdoo.rs\/en\/wp-json\/wp\/v2\/pages\/144","targetHints":{"allow":["GET"]}}],"collection":[{"href":"https:\/\/milosevicdoo.rs\/en\/wp-json\/wp\/v2\/pages"}],"about":[{"href":"https:\/\/milosevicdoo.rs\/en\/wp-json\/wp\/v2\/types\/page"}],"author":[{"embeddable":true,"href":"https:\/\/milosevicdoo.rs\/en\/wp-json\/wp\/v2\/users\/1"}],"replies":[{"embeddable":true,"href":"https:\/\/milosevicdoo.rs\/en\/wp-json\/wp\/v2\/comments?post=144"}],"version-history":[{"count":4,"href":"https:\/\/milosevicdoo.rs\/en\/wp-json\/wp\/v2\/pages\/144\/revisions"}],"predecessor-version":[{"id":205,"href":"https:\/\/milosevicdoo.rs\/en\/wp-json\/wp\/v2\/pages\/144\/revisions\/205"}],"wp:attachment":[{"href":"https:\/\/milosevicdoo.rs\/en\/wp-json\/wp\/v2\/media?parent=144"}],"curies":[{"name":"wp","href":"https:\/\/api.w.org\/{rel}","templated":true}]}}