{"id":142,"date":"2015-05-13T13:15:23","date_gmt":"2015-05-13T13:15:23","guid":{"rendered":"http:\/\/milosevicdoo.rs\/?page_id=142"},"modified":"2020-01-20T11:15:00","modified_gmt":"2020-01-20T11:15:00","slug":"home","status":"publish","type":"page","link":"https:\/\/milosevicdoo.rs\/en\/","title":{"rendered":"HOME"},"content":{"rendered":"\n\t\t\t<!-- START Naslovna REVOLUTION SLIDER 6.7.6 --><p class=\"rs-p-wp-fix\"><\/p>\n\t\t\t<rs-module-wrap id=\"rev_slider_1_1_wrapper\" data-source=\"gallery\" style=\"visibility:hidden;background:transparent;padding:0;margin:0px auto;margin-top:0;margin-bottom:0;\">\n\t\t\t\t<rs-module id=\"rev_slider_1_1\" style=\"\" data-version=\"6.7.6\">\n\t\t\t\t\t<rs-slides style=\"overflow: hidden; position: absolute;\">\n\t\t\t\t\t\t<rs-slide style=\"position: absolute;\" data-key=\"rs-1\" data-title=\"Slide\" data-anim=\"ms:1000;r:0;\" data-in=\"o:0;\" data-out=\"a:false;\">\n\t\t\t\t\t\t\t<img decoding=\"async\" src=\"\/\/milosevicdoo.rs\/wp-content\/plugins\/revslider\/sr6\/assets\/assets\/dummy.png\" alt=\"\" title=\"HOME\" class=\"rev-slidebg tp-rs-img rs-lazyload\" data-lazyload=\"\/\/milosevicdoo.rs\/wp-content\/plugins\/revslider\/sr6\/assets\/assets\/transparent.png\" data-parallax=\"off\" data-no-retina>\n\t\t\t\t\t\t\t<rs-bgvideo \n\t\t\t\t\t\t\t\tdata-video=\"vc:none;w:100%;h:100%;nse:false;l:true;ptimer:false;\"\n\t\t\t\t\t\t\t\tdata-ytid=\"qRdN445o5Dk\"\n\t\t\t\t\t\t\t\tdata-vatr=\"version=3&amp;enablejsapi=1&amp;html5=1&amp;hd=1&amp;wmode=opaque&amp;showinfo=0&amp;rel=0&amp;origin=https:\/\/milosevicdoo.rs;\"\n\t\t\t\t\t\t\t><\/rs-bgvideo>\n<!---->\t\t\t\t\t<\/rs-slide>\n\t\t\t\t\t\t<rs-slide style=\"position: absolute;\" data-key=\"rs-4\" data-title=\"Slide\" data-anim=\"adpr:false;\">\n\t\t\t\t\t\t\t<img decoding=\"async\" src=\"\/\/milosevicdoo.rs\/wp-content\/plugins\/revslider\/sr6\/assets\/assets\/dummy.png\" alt=\"Slide\" title=\"HOME\" class=\"rev-slidebg tp-rs-img rs-lazyload\" data-lazyload=\"\/\/milosevicdoo.rs\/wp-content\/plugins\/revslider\/sr6\/assets\/assets\/transparent.png\" data-parallax=\"off\" data-no-retina>\n<!---->\t\t\t\t\t<\/rs-slide>\n\t\t\t\t\t<\/rs-slides>\n\t\t\t\t\t<rs-static-layers><!--\n\n\t\t\t\t\t\t\t--><rs-layer\n\t\t\t\t\t\t\t\tid=\"slider-1-slide-1-layer-0\" \n\t\t\t\t\t\t\t\tclass=\"rs-layer-static\"\n\t\t\t\t\t\t\t\tdata-type=\"shape\"\n\t\t\t\t\t\t\t\tdata-rsp_ch=\"on\"\n\t\t\t\t\t\t\t\tdata-xy=\"x:c;y:c;\"\n\t\t\t\t\t\t\t\tdata-text=\"w:normal;\"\n\t\t\t\t\t\t\t\tdata-dim=\"w:100%;h:100%;\"\n\t\t\t\t\t\t\t\tdata-onslides=\"s:1;\"\n\t\t\t\t\t\t\t\tdata-frame_999=\"o:0;st:w;\"\n\t\t\t\t\t\t\t\tstyle=\"z-index:5;background-color:rgba(9,35,86,0.8);\"\n\t\t\t\t\t\t\t> \n\t\t\t\t\t\t\t<\/rs-layer><!--\n\n\t\t\t\t\t\t\t--><rs-layer\n\t\t\t\t\t\t\t\tid=\"slider-1-slide-1-layer-1\" \n\t\t\t\t\t\t\t\tclass=\"rs-layer-static\"\n\t\t\t\t\t\t\t\tdata-type=\"text\"\n\t\t\t\t\t\t\t\tdata-color=\"#ffffff\"\n\t\t\t\t\t\t\t\tdata-rsp_ch=\"on\"\n\t\t\t\t\t\t\t\tdata-xy=\"x:c;y:c;\"\n\t\t\t\t\t\t\t\tdata-text=\"w:normal;s:52;l:60;ls:-1px;fw:300;a:center;\"\n\t\t\t\t\t\t\t\tdata-onslides=\"s:1;\"\n\t\t\t\t\t\t\t\tdata-frame_999=\"o:0;st:w;\"\n\t\t\t\t\t\t\t\tstyle=\"z-index:6;font-family:'Poppins';text-transform:uppercase;\"\n\t\t\t\t\t\t\t><strong style=\"font-weight:800;\">Lider u distribuciji<br \/>\ngra\u0111evinskog materijala<\/strong><br \/>\ni opreme za va\u0161 dom \n\t\t\t\t\t\t\t<\/rs-layer><!--\n\n\t\t\t\t\t\t\t--><rs-layer\n\t\t\t\t\t\t\t\tid=\"slider-1-slide-1-layer-4\" \n\t\t\t\t\t\t\t\tclass=\"rs-layer-static\"\n\t\t\t\t\t\t\t\tdata-type=\"text\"\n\t\t\t\t\t\t\t\tdata-color=\"#ffffff\"\n\t\t\t\t\t\t\t\tdata-rsp_ch=\"on\"\n\t\t\t\t\t\t\t\tdata-xy=\"x:c;y:b;yo:100px;\"\n\t\t\t\t\t\t\t\tdata-text=\"w:normal;a:center;\"\n\t\t\t\t\t\t\t\tdata-dim=\"w:700px;\"\n\t\t\t\t\t\t\t\tdata-onslides=\"s:1;\"\n\t\t\t\t\t\t\t\tdata-frame_999=\"o:0;st:w;\"\n\t\t\t\t\t\t\t\tstyle=\"z-index:7;font-family:'Roboto';\"\n\t\t\t\t\t\t\t><img decoding=\"async\" src=\"https:\/\/milosevicdoo.rs\/files\/svg\/milosevic-sertifikati-01v.svg\" alt=\"Milo\u0161evi\u0107 ISO Sertifikati\" style=\"width:100% !important; max-width:900px !important;\" id=\"sert-clck\"> \n\t\t\t\t\t\t\t<\/rs-layer><!--\n\t\t\t\t\t--><\/rs-static-layers>\n\t\t\t\t<\/rs-module>\n\t\t\t\t<script>\n\t\t\t\t\tsetREVStartSize({c: 'rev_slider_1_1',rl:[1240,1024,778,480],el:[900],gw:[1920],gh:[900],type:'standard',justify:'',layout:'fullwidth',mh:\"0\"});if (window.RS_MODULES!==undefined && window.RS_MODULES.modules!==undefined && window.RS_MODULES.modules[\"revslider11\"]!==undefined) {window.RS_MODULES.modules[\"revslider11\"].once = false;window.revapi1 = undefined;if (window.RS_MODULES.checkMinimal!==undefined) window.RS_MODULES.checkMinimal()}\n\t\t\t\t<\/script>\n\t\t\t\t<script src=\"https:\/\/www.youtube.com\/iframe_api\"><\/script>\n\t\t\t<\/rs-module-wrap>\n\t\t\t<!-- END REVOLUTION SLIDER -->\n\n<div class=\"jas-container mt__60\">\n<div class=\"jas-row\">\n<div class=\"jas-col-md-6 jas-col-sm-6 jas-col-xs-12\">\n<div class=\"box jedan\">\n<a href=\"https:\/\/www.milosevicdoo.rs\/galerija\/#prodajni-salon-01\"> <\/a><\/p>\n<div class=\"text-title\">\n<h3><strong>MALOPRODAJA I VELEPRODAJA GRA\u0110EVINSKOG MATERIJALA<\/strong><\/h3>\n<p>Kompletna ponuda gra\u0111evinskog materijala OD TEMELJA DO KROVA.<\/p>\n<\/div>\n<\/div>\n<\/div>\n<div class=\"jas-col-md-3 jas-col-sm-3 jas-col-xs-12\">\n<div class=\"box dva\">\n<a href=\"https:\/\/www.milosevicdoo.rs\/galerija\/#transport\"> <\/a><\/p>\n<div class=\"text-title\">\n<h3><strong>PREVOZ ROBE<\/strong><\/h3>\n<p>Za sve na\u0161e kupce obezbe\u0111ena je isporuka materijala na \u017eeljenu adresu.<\/p>\n<\/div>\n<\/div>\n<\/div>\n<div class=\"jas-col-md-3 jas-col-sm-3 jas-col-xs-12\">\n<div class=\"box tri\">\n<a href=\"https:\/\/www.milosevicdoo.rs\/galerija\/#transport\"> <\/a><\/p>\n<div class=\"text-title\">\n<h3><strong>Transport i logistika<\/strong><\/h3>\n<p>Me\u0111unarodni &#8211; doma\u0107i transport i logistika.<\/p>\n<\/div>\n<\/div>\n<\/div>\n<\/div>\n<div class=\"jas-row\">\n<div class=\"jas-col-md-4 jas-col-sm-12 jas-col-xs-12\">\n<div class=\"box cetiri\">\n<a href=\"https:\/\/www.milosevicdoo.rs\/galerija\/#transport\"> <\/a><\/p>\n<div class=\"text-title\">\n<h3><strong>Skladi\u0161tenje robe<\/strong><\/h3>\n<p>Skladi\u0161tenje u modernim magacinskim prostorijama, prilagodljivim svim vrstama roba i potrebama raznovrsnog poslovanja.<\/p>\n<\/div>\n<\/div>\n<\/div>\n<div class=\"jas-col-md-4 jas-col-sm-12 jas-col-xs-12\">\n<div class=\"box pet\">\n<a href=\"https:\/\/www.milosevicdoo.rs\/galerija\/#natrijum-sulfat\"> <\/a><\/p>\n<div class=\"text-title\">\n<h3><strong>Skladi\u0161tenje natrijum sulfata<\/strong><\/h3>\n<p>Magacinski prostor prilago\u0111en skladi\u0161tenju natrijum sulfata.<\/p>\n<\/div>\n<\/div>\n<\/div>\n<div class=\"jas-col-md-4 jas-col-sm-12 jas-col-xs-12\">\n<div class=\"box sest\">\n<a href=\"https:\/\/www.milosevicdoo.rs\/galerija\/#natrijum-sulfat\"> <\/a><\/p>\n<div class=\"text-title\">\n<h3><strong>Prevoz pra\u0161kastih materijala<\/strong><\/h3>\n<p>Vr\u0161imo usluge prevoza svih pra\u0161kastih materijala.<\/p>\n<\/div>\n<\/div>\n<\/div>\n<\/div>\n<div class=\"jas-row\">\n<div class=\"jas-col-md-3 jas-col-sm-3 jas-col-xs-12\">\n<div class=\"box sedam\">\n<a href=\"https:\/\/www.milosevicdoo.rs\/galerija\/#stovariste\"> <\/a><\/p>\n<div class=\"text-title\">\n<h3><strong>CNC Se\u010denje materijala<\/strong><\/h3>\n<p>CNC PLAZMA I GASNO SE\u010cENJE mmetala<\/p>\n<\/div>\n<\/div>\n<\/div>\n<div class=\"jas-col-md-6 jas-col-sm-6 jas-col-xs-12\">\n<div class=\"box osam\">\n<a href=\"https:\/\/www.milosevicdoo.rs\/galerija\/#stovariste\"> <\/a><\/p>\n<div class=\"text-title\">\n<h3><strong>Obrada betonskog gvo\u017e\u0111a<\/strong><\/h3>\n<p>Na\u0161 armira\u010dki pogon je opremljen ma\u0161inama za istezanje, se\u010denje i savijanje betonskog gvo\u017e\u0111a<\/p>\n<\/div>\n<\/div>\n<\/div>\n<div class=\"jas-col-md-3 jas-col-sm-3 jas-col-xs-12\">\n<div class=\"box devet\">\n<a href=\"https:\/\/milosevicdoo.rs\/akcijska-ponuda\/\"> <\/a><\/p>\n<div class=\"text-title\">\n<h3><strong>Akcijska ponuda<\/strong><\/h3>\n<p>Budite u toku sa akcijskom ponudom na\u0161ih proizvoda i usluga.<\/p>\n<\/div>\n<\/div>\n<\/div>\n<\/div>\n<\/div>\n<div class=\"jas-container mt__60 mb__80\">\n<h1 class=\"mt__50\">Partneri<\/h1>\n<div class=\"jas-carousel\" id=\"partneri-logos\" data-slick='{\"slidesToShow\": 6, \"slidesToScroll\": 3, \"responsive\": [{\"breakpoint\":720,\"settings\":{\"slidesToShow\": 3, \"slideToScroll\": 1}}, {\"breakpoint\":480,\"settings\":{\"slidesToShow\": 1, \"slideToScroll\": 1}}]}'>\n<div class=\"logo-partner-mali\"><img decoding=\"async\" src=\"https:\/\/milosevicdoo.rs\/files\/logos\/svi\/01.jpg\" alt=\"Milo\u0161evi\u0107 DOO - Partneri\"><\/div>\n<div class=\"logo-partner-mali\"><img decoding=\"async\" src=\"https:\/\/milosevicdoo.rs\/files\/logos\/svi\/02.jpg\" alt=\"Milo\u0161evi\u0107 DOO - Partneri\"><\/div>\n<div class=\"logo-partner-mali\"><img decoding=\"async\" src=\"https:\/\/milosevicdoo.rs\/files\/logos\/svi\/03.jpg\" alt=\"Milo\u0161evi\u0107 DOO - Partneri\"><\/div>\n<div class=\"logo-partner-mali\"><img decoding=\"async\" src=\"https:\/\/milosevicdoo.rs\/files\/logos\/svi\/04.jpg\" alt=\"Milo\u0161evi\u0107 DOO - Partneri\"><\/div>\n<div class=\"logo-partner-mali\"><img decoding=\"async\" src=\"https:\/\/milosevicdoo.rs\/files\/logos\/svi\/05.jpg\" alt=\"Milo\u0161evi\u0107 DOO - Partneri\"><\/div>\n<div class=\"logo-partner-mali\"><img decoding=\"async\" src=\"https:\/\/milosevicdoo.rs\/files\/logos\/svi\/06.jpg\" alt=\"Milo\u0161evi\u0107 DOO - Partneri\"><\/div>\n<div class=\"logo-partner-mali\"><img decoding=\"async\" src=\"https:\/\/milosevicdoo.rs\/files\/logos\/svi\/07.jpg\" alt=\"Milo\u0161evi\u0107 DOO - Partneri\"><\/div>\n<div class=\"logo-partner-mali\"><img decoding=\"async\" src=\"https:\/\/milosevicdoo.rs\/files\/logos\/svi\/08.jpg\" alt=\"Milo\u0161evi\u0107 DOO - Partneri\"><\/div>\n<div class=\"logo-partner-mali\"><img decoding=\"async\" src=\"https:\/\/milosevicdoo.rs\/files\/logos\/svi\/09.jpg\" alt=\"Milo\u0161evi\u0107 DOO - Partneri\"><\/div>\n<div class=\"logo-partner-mali\"><img decoding=\"async\" src=\"https:\/\/milosevicdoo.rs\/files\/logos\/svi\/10.jpg\" alt=\"Milo\u0161evi\u0107 DOO - Partneri\"><\/div>\n<div class=\"logo-partner-mali\"><img decoding=\"async\" src=\"https:\/\/milosevicdoo.rs\/files\/logos\/svi\/11.jpg\" alt=\"Milo\u0161evi\u0107 DOO - Partneri\"><\/div>\n<div class=\"logo-partner-mali\"><img decoding=\"async\" src=\"https:\/\/milosevicdoo.rs\/files\/logos\/svi\/12.jpg\" alt=\"Milo\u0161evi\u0107 DOO - Partneri\"><\/div>\n<div class=\"logo-partner-mali\"><img decoding=\"async\" src=\"https:\/\/milosevicdoo.rs\/files\/logos\/svi\/13.jpg\" alt=\"Milo\u0161evi\u0107 DOO - Partneri\"><\/div>\n<div class=\"logo-partner-mali\"><img decoding=\"async\" src=\"https:\/\/milosevicdoo.rs\/files\/logos\/svi\/14.jpg\" alt=\"Milo\u0161evi\u0107 DOO - Partneri\"><\/div>\n<div class=\"logo-partner-mali\"><img decoding=\"async\" src=\"https:\/\/milosevicdoo.rs\/files\/logos\/svi\/15.jpg\" alt=\"Milo\u0161evi\u0107 DOO - Partneri\"><\/div>\n<div class=\"logo-partner-mali\"><img decoding=\"async\" src=\"https:\/\/milosevicdoo.rs\/files\/logos\/svi\/16.jpg\" alt=\"Milo\u0161evi\u0107 DOO - Partneri\"><\/div>\n<div class=\"logo-partner-mali\"><img decoding=\"async\" src=\"https:\/\/milosevicdoo.rs\/files\/logos\/svi\/17.jpg\" alt=\"Milo\u0161evi\u0107 DOO - Partneri\"><\/div>\n<div class=\"logo-partner-mali\"><img decoding=\"async\" src=\"https:\/\/milosevicdoo.rs\/files\/logos\/svi\/18.jpg\" alt=\"Milo\u0161evi\u0107 DOO - Partneri\"><\/div>\n<div class=\"logo-partner-mali\"><img decoding=\"async\" src=\"https:\/\/milosevicdoo.rs\/files\/logos\/svi\/19.jpg\" alt=\"Milo\u0161evi\u0107 DOO - Partneri\"><\/div>\n<div class=\"logo-partner-mali\"><img decoding=\"async\" src=\"https:\/\/milosevicdoo.rs\/files\/logos\/svi\/20.jpg\" alt=\"Milo\u0161evi\u0107 DOO - Partneri\"><\/div>\n<div class=\"logo-partner-mali\"><img decoding=\"async\" src=\"https:\/\/milosevicdoo.rs\/files\/logos\/svi\/21.jpg\" alt=\"Milo\u0161evi\u0107 DOO - Partneri\"><\/div>\n<div class=\"logo-partner-mali\"><img decoding=\"async\" src=\"https:\/\/milosevicdoo.rs\/files\/logos\/svi\/22.jpg\" alt=\"Milo\u0161evi\u0107 DOO - Partneri\"><\/div>\n<div class=\"logo-partner-mali\"><img decoding=\"async\" src=\"https:\/\/milosevicdoo.rs\/files\/logos\/svi\/23.jpg\" alt=\"Milo\u0161evi\u0107 DOO - Partneri\"><\/div>\n<div class=\"logo-partner-mali\"><img decoding=\"async\" src=\"https:\/\/milosevicdoo.rs\/files\/logos\/svi\/24.jpg\" alt=\"Milo\u0161evi\u0107 DOO - Partneri\"><\/div>\n<\/div>\n","protected":false},"excerpt":{"rendered":"<p>MALOPRODAJA I VELEPRODAJA GRA\u0110EVINSKOG MATERIJALA Kompletna ponuda gra\u0111evinskog materijala OD TEMELJA DO KROVA. PREVOZ ROBE Za sve na\u0161e kupce obezbe\u0111ena je isporuka materijala na \u017eeljenu adresu. Transport i logistika Me\u0111unarodni &#8211; doma\u0107i transport i logistika. Skladi\u0161tenje robe Skladi\u0161tenje u modernim magacinskim prostorijama, prilagodljivim svim vrstama roba i potrebama raznovrsnog poslovanja. Skladi\u0161tenje natrijum sulfata Magacinski prostor [&hellip;]<\/p>\n","protected":false},"author":1,"featured_media":0,"parent":0,"menu_order":0,"comment_status":"open","ping_status":"open","template":"full-100.php","meta":{"footnotes":""},"class_list":["post-142","page","type-page","status-publish","hentry"],"_links":{"self":[{"href":"https:\/\/milosevicdoo.rs\/en\/wp-json\/wp\/v2\/pages\/142","targetHints":{"allow":["GET"]}}],"collection":[{"href":"https:\/\/milosevicdoo.rs\/en\/wp-json\/wp\/v2\/pages"}],"about":[{"href":"https:\/\/milosevicdoo.rs\/en\/wp-json\/wp\/v2\/types\/page"}],"author":[{"embeddable":true,"href":"https:\/\/milosevicdoo.rs\/en\/wp-json\/wp\/v2\/users\/1"}],"replies":[{"embeddable":true,"href":"https:\/\/milosevicdoo.rs\/en\/wp-json\/wp\/v2\/comments?post=142"}],"version-history":[{"count":14,"href":"https:\/\/milosevicdoo.rs\/en\/wp-json\/wp\/v2\/pages\/142\/revisions"}],"predecessor-version":[{"id":857,"href":"https:\/\/milosevicdoo.rs\/en\/wp-json\/wp\/v2\/pages\/142\/revisions\/857"}],"wp:attachment":[{"href":"https:\/\/milosevicdoo.rs\/en\/wp-json\/wp\/v2\/media?parent=142"}],"curies":[{"name":"wp","href":"https:\/\/api.w.org\/{rel}","templated":true}]}}